{"id":235,"date":"2018-09-21T09:31:26","date_gmt":"2018-09-21T07:31:26","guid":{"rendered":"https:\/\/bewindeninkomen.nl\/?page_id=235"},"modified":"2026-03-24T14:09:32","modified_gmt":"2026-03-24T13:09:32","slug":"downloadsenlinks","status":"publish","type":"page","link":"https:\/\/bewindeninkomen.nl\/?page_id=235","title":{"rendered":"Downloads &#038; Links"},"content":{"rendered":"<p>Op deze pagina vind u interessante links en downloads.<\/p>\n<hr \/>\n<h3>Branchevereniging<\/h3>\n<p>Branchevereniging voor Professionele Bewindvoerders en Inkomensbeheerders AEGIS <a href=\"https:\/\/www.aegis.nl\/contact\/\">Contact<\/a><\/p>\n<p><a href=\"https:\/\/www.aegis.nl\/leden\/\" target=\"_blank\" rel=\"noopener noreferrer\">Link<\/a> naar de branchevereniging<\/p>\n<hr \/>\n<h3>Rechtspraak<\/h3>\n<p>Rechtspraak maakt samen leven mogelijk. Op deze <a href=\"http:\/\/www.rechtspraak.nl\" target=\"_blank\" rel=\"noopener noreferrer\">site<\/a> vindt u informatie over gerechtelijke procedures en de rechtspraak. U kunt hier digitaal een rechtszaak starten.<\/p>\n<hr \/>\n<h3>Curatele, Bewind en Mentorschap<\/h3>\n<p>Door een beschermingsmaatregel kan voorkomen worden dat anderen misbruik maken van mensen die niet voor zichzelf kunnen zorgen.<br \/>\nLink naar <a href=\"http:\/\/www.rijksoverheid.nl\" target=\"_blank\" rel=\"noopener noreferrer\">de Rijksoverheid<\/a><\/p>\n<hr \/>\n<h3>Bewind Rechtspraak<\/h3>\n<p>ls iemand door zijn situatie niet goed voor zijn eigen financi\u00ebn kan zorgen, kan bewind nodig zijn. Denk aan Alzheimerpati\u00ebnten, verslaafden, mensen met een verstandelijke beperking, psychiatrische pati\u00ebnten of mensen met problematische schulden.<br \/>\n<a href=\"https:\/\/www.rechtspraak.nl\/Uw-Situatie\/Bewind\" target=\"_blank\" rel=\"noopener noreferrer\">Link<\/a> naar uw situatie<\/p>\n<hr \/>\n<h3>Hulp bij Schulden<\/h3>\n<p>Hulp bij schulden. Als u uw rekeningen niet meer kunt betalen, kunnen de problemen zich snel opstapelen. U krijgt aanmaningen of er staat een deurwaarder op de stoep.<br \/>\n<a href=\"https:\/\/www.nibud.nl\/consumenten\/hulp-bij-schulden\/\" target=\"_blank\" rel=\"noopener noreferrer\">Klik <\/a>hier voor hulp bij schulden<\/p>\n<hr \/>\n<h3>Klachtenreglement Samenwerkende Bewindvoerders<\/h3>\n<p><a href=\"https:\/\/samenwerkendebewindvoerders.nl\/wp-content\/uploads\/2023\/03\/Klachtenreglement-Samenwerkende-Bewindvoerders-mrt-2023.pdf\">klachtenreglement-samenwerkende-bewindvoerders<\/a><\/p>\n<hr \/>\n<p><img loading=\"lazy\" decoding=\"async\" class=\"alignnone  wp-image-479\" src=\"https:\/\/bewindeninkomen.nl\/wp-content\/uploads\/2019\/12\/BI_rgb-175x300.jpg\" alt=\"\" width=\"73\" height=\"125\" srcset=\"https:\/\/bewindeninkomen.nl\/wp-content\/uploads\/2019\/12\/BI_rgb-175x300.jpg 175w, https:\/\/bewindeninkomen.nl\/wp-content\/uploads\/2019\/12\/BI_rgb.jpg 381w\" sizes=\"auto, (max-width: 73px) 100vw, 73px\" \/><\/p>\n","protected":false},"excerpt":{"rendered":"<p>Op deze pagina vind u interessante links en downloads. Branchevereniging Branchevereniging voor Professionele Bewindvoerders en Inkomensbeheerders AEGIS Contact Link naar de branchevereniging Rechtspraak Rechtspraak maakt samen leven mogelijk. Op deze site vindt u informatie over gerechtelijke procedures en de rechtspraak. U kunt hier digitaal een rechtszaak starten. Curatele, Bewind en Mentorschap Door een beschermingsmaatregel kan &hellip; <\/p>\n<p class=\"link-more\"><a href=\"https:\/\/bewindeninkomen.nl\/?page_id=235\" class=\"more-link\">Lees verder <span class=\"screen-reader-text\">&#8220;Downloads &#038; Links&#8221;<\/span><\/a><\/p>\n","protected":false},"author":1,"featured_media":0,"parent":0,"menu_order":0,"comment_status":"closed","ping_status":"closed","template":"","meta":{"footnotes":""},"class_list":["post-235","page","type-page","status-publish","hentry"],"_links":{"self":[{"href":"https:\/\/bewindeninkomen.nl\/index.php?rest_route=\/wp\/v2\/pages\/235","targetHints":{"allow":["GET"]}}],"collection":[{"href":"https:\/\/bewindeninkomen.nl\/index.php?rest_route=\/wp\/v2\/pages"}],"about":[{"href":"https:\/\/bewindeninkomen.nl\/index.php?rest_route=\/wp\/v2\/types\/page"}],"author":[{"embeddable":true,"href":"https:\/\/bewindeninkomen.nl\/index.php?rest_route=\/wp\/v2\/users\/1"}],"replies":[{"embeddable":true,"href":"https:\/\/bewindeninkomen.nl\/index.php?rest_route=%2Fwp%2Fv2%2Fcomments&post=235"}],"version-history":[{"count":18,"href":"https:\/\/bewindeninkomen.nl\/index.php?rest_route=\/wp\/v2\/pages\/235\/revisions"}],"predecessor-version":[{"id":558,"href":"https:\/\/bewindeninkomen.nl\/index.php?rest_route=\/wp\/v2\/pages\/235\/revisions\/558"}],"wp:attachment":[{"href":"https:\/\/bewindeninkomen.nl\/index.php?rest_route=%2Fwp%2Fv2%2Fmedia&parent=235"}],"curies":[{"name":"wp","href":"https:\/\/api.w.org\/{rel}","templated":true}]}}